{"id":58,"date":"2024-08-31T16:37:42","date_gmt":"2024-08-31T14:37:42","guid":{"rendered":"https:\/\/enseigne-signaletique-frejus.fr\/?page_id=58"},"modified":"2024-09-28T22:20:11","modified_gmt":"2024-09-28T20:20:11","slug":"marquage-vehicule-puget-sur-argens","status":"publish","type":"page","link":"https:\/\/enseigne-signaletique-frejus.fr\/?page_id=58","title":{"rendered":"Marquage v\u00e9hicule"},"content":{"rendered":"\n[et_pb_section fb_built=&#8221;1&#8243; specialty=&#8221;on&#8221; custom_padding_last_edited=&#8221;on|desktop&#8221; padding_top_1=&#8221;0px&#8221; padding_2_tablet=&#8221;|||10vw&#8221; padding_2_phone=&#8221;&#8221; padding_2_last_edited=&#8221;on|tablet&#8221; admin_label=&#8221;Header&#8221; _builder_version=&#8221;4.16&#8243; background_color=&#8221;#eaeaf1&#8243; inner_width=&#8221;100%&#8221; inner_max_width=&#8221;100%&#8221; custom_padding=&#8221;0px|10vw|1px|||&#8221; custom_padding_tablet=&#8221;|||&#8221; custom_padding_phone=&#8221;&#8221; locked=&#8221;off&#8221; global_colors_info=&#8221;{}&#8221; theme_builder_area=&#8221;post_content&#8221;][et_pb_column type=&#8221;1_2&#8243; _builder_version=&#8221;4.16&#8243; custom_padding=&#8221;|||&#8221; global_colors_info=&#8221;{}&#8221; custom_padding__hover=&#8221;|||&#8221; theme_builder_area=&#8221;post_content&#8221;][et_pb_image src=&#8221;https:\/\/enseigne-signaletique-frejus.fr\/wp-content\/uploads\/2024\/08\/mechanic-73.png&#8221; title_text=&#8221;thumbnail_IMG_0087&#8243; align_tablet=&#8221;center&#8221; align_phone=&#8221;center&#8221; align_last_edited=&#8221;on|desktop&#8221; _builder_version=&#8221;4.27.0&#8243; background_image=&#8221;https:\/\/enseigne-signaletique-frejus.fr\/wp-content\/uploads\/2024\/08\/thumbnail_IMG_0087.jpg&#8221; parallax=&#8221;on&#8221; custom_margin=&#8221;|-50vw||&#8221; custom_margin_tablet=&#8221;|0vw||&#8221; custom_margin_phone=&#8221;&#8221; custom_margin_last_edited=&#8221;on|desktop&#8221; hover_enabled=&#8221;0&#8243; locked=&#8221;off&#8221; global_colors_info=&#8221;{}&#8221; theme_builder_area=&#8221;post_content&#8221; sticky_enabled=&#8221;0&#8243;][\/et_pb_image][\/et_pb_column][et_pb_column type=&#8221;1_2&#8243; specialty_columns=&#8221;2&#8243; _builder_version=&#8221;4.16&#8243; custom_padding=&#8221;|||&#8221; global_colors_info=&#8221;{}&#8221; custom_padding__hover=&#8221;|||&#8221; theme_builder_area=&#8221;post_content&#8221;][et_pb_row_inner custom_padding_last_edited=&#8221;on|phone&#8221; _builder_version=&#8221;4.16&#8243; background_color=&#8221;#0251b8&#8243; max_width=&#8221;600px&#8221; custom_margin=&#8221;10vw|||&#8221; custom_margin_tablet=&#8221;-40vw||&#8221; custom_margin_phone=&#8221;&#8221; custom_margin_last_edited=&#8221;on|tablet&#8221; custom_padding=&#8221;80px|60px|80px|60px|true|false&#8221; custom_padding_tablet=&#8221;60px|50px|60px|50px|true|true&#8221; custom_padding_phone=&#8221;50px|||40px&#8221; box_shadow_style=&#8221;preset2&#8243; box_shadow_vertical=&#8221;28px&#8221; box_shadow_blur=&#8221;40px&#8221; box_shadow_color=&#8221;rgba(0,0,0,0.1)&#8221; global_colors_info=&#8221;{}&#8221; theme_builder_area=&#8221;post_content&#8221;][et_pb_column_inner saved_specialty_column_type=&#8221;1_2&#8243; _builder_version=&#8221;4.16&#8243; custom_padding=&#8221;|||&#8221; global_colors_info=&#8221;{}&#8221; custom_padding__hover=&#8221;|||&#8221; theme_builder_area=&#8221;post_content&#8221;][et_pb_text _builder_version=&#8221;4.27.0&#8243; text_font=&#8221;||||||||&#8221; header_font=&#8221;Khand|700||on|||||&#8221; header_font_size=&#8221;42px&#8221; background_layout=&#8221;dark&#8221; hover_enabled=&#8221;0&#8243; header_font_size_tablet=&#8221;60px&#8221; header_font_size_phone=&#8221;40px&#8221; header_font_size_last_edited=&#8221;on|phone&#8221; locked=&#8221;off&#8221; global_colors_info=&#8221;{}&#8221; theme_builder_area=&#8221;post_content&#8221; sticky_enabled=&#8221;0&#8243;]<h1>Marquage v\u00e9hicule<\/h1>[\/et_pb_text][et_pb_divider color=&#8221;#ffffff&#8221; divider_style=&#8221;double&#8221; divider_weight=&#8221;10px&#8221; _builder_version=&#8221;4.16&#8243; transform_skew=&#8221;-20deg|0deg&#8221; max_width=&#8221;100px&#8221; height=&#8221;10px&#8221; locked=&#8221;off&#8221; global_colors_info=&#8221;{}&#8221; theme_builder_area=&#8221;post_content&#8221;][\/et_pb_divider][et_pb_text _builder_version=&#8221;4.27.0&#8243; text_font=&#8221;|600|||||||&#8221; text_line_height=&#8221;2em&#8221; background_layout=&#8221;dark&#8221; hover_enabled=&#8221;0&#8243; locked=&#8221;off&#8221; global_colors_info=&#8221;{}&#8221; theme_builder_area=&#8221;post_content&#8221; sticky_enabled=&#8221;0&#8243;]<p>Marquage v\u00e9hicule Puget-Sur-Argens est un outil de communication visuelle puissant, souvent sous-estim\u00e9, qui peut grandement contribuer \u00e0 la notori\u00e9t\u00e9 d\u2019une entreprise. Un marquage de v\u00e9hicule bien visible offre une multitude d\u2019avantages, que ce soit en termes de marketing, de visibilit\u00e9 ou de cr\u00e9dibilit\u00e9. Voici pourquoi il est si important d&#8217;avoir un marquage efficace et bien con\u00e7u.<\/p>\n<h3>Publicit\u00e9 mobile permanente<\/h3>\n<p>Un marquage de v\u00e9hicule bien visible transforme chaque d\u00e9placement en une opportunit\u00e9 de publicit\u00e9 mobile. Contrairement \u00e0 d\u2019autres formes de publicit\u00e9 payantes, le marquage de v\u00e9hicule fonctionne en permanence, chaque fois que le v\u00e9hicule est en mouvement ou m\u00eame \u00e0 l\u2019arr\u00eat. Que ce soit dans la circulation, stationn\u00e9 dans un lieu public, ou simplement gar\u00e9 devant un magasin, il attire l&#8217;attention de milliers de personnes au quotidien. Ainsi, il permet d\u2019atteindre un large public sans co\u00fbts suppl\u00e9mentaires r\u00e9currents.<\/p>[\/et_pb_text][\/et_pb_column_inner][\/et_pb_row_inner][\/et_pb_column][\/et_pb_section][et_pb_section fb_built=&#8221;1&#8243; theme_builder_area=&#8221;post_content&#8221; _builder_version=&#8221;4.27.0&#8243; _module_preset=&#8221;default&#8221;][et_pb_row _builder_version=&#8221;4.27.0&#8243; _module_preset=&#8221;default&#8221; theme_builder_area=&#8221;post_content&#8221;][et_pb_column _builder_version=&#8221;4.27.0&#8243; _module_preset=&#8221;default&#8221; type=&#8221;4_4&#8243; theme_builder_area=&#8221;post_content&#8221;][et_pb_text _builder_version=&#8221;4.27.0&#8243; _module_preset=&#8221;default&#8221; theme_builder_area=&#8221;post_content&#8221; hover_enabled=&#8221;0&#8243; sticky_enabled=&#8221;0&#8243; text_font=&#8221;|600|||||||&#8221; text_letter_spacing=&#8221;2px&#8221;]<h3>Am\u00e9liorer la visibilit\u00e9 et la notori\u00e9t\u00e9 de la marque<\/h3>\n<p>Le marquage de v\u00e9hicule sert de rappel visuel constant pour les passants. Lorsqu\u2019il est bien con\u00e7u et bien visible, il renforce l&#8217;identit\u00e9 visuelle de l\u2019entreprise en incluant des \u00e9l\u00e9ments tels que le logo, les couleurs de la marque et des informations de contact. Avec le temps, cela contribue \u00e0 une meilleure reconnaissance de la marque. Les clients potentiels deviennent progressivement plus familiers avec l&#8217;<a href=\"https:\/\/www.123imprim.com\/vitrophanie,p77\/\">entreprise<\/a>, ce qui renforce leur confiance et les incite \u00e0 la contacter lorsqu&#8217;ils ont besoin de ses services ou produits.<\/p>\n<h3>Cr\u00e9dibilit\u00e9 et professionnalisme<\/h3>\n<p>Un v\u00e9hicule marqu\u00e9 avec le logo et les coordonn\u00e9es de l\u2019entreprise inspire confiance. Cela montre que l&#8217;entreprise prend soin de son image, ce qui est per\u00e7u comme un gage de s\u00e9rieux et de professionnalisme. Que ce soit pour des livraisons, des interventions ou des rendez-vous commerciaux, un v\u00e9hicule bien marqu\u00e9 conf\u00e8re une image professionnelle et rassurante aux clients.<\/p>\n<h3>Rentabilit\u00e9 et retour sur investissement<\/h3>\n<p>Le marquage de v\u00e9hicule repr\u00e9sente un investissement initial relativement modeste compar\u00e9 \u00e0 d&#8217;autres formes de publicit\u00e9 comme les panneaux ou les annonces en ligne. Cependant, les retours peuvent \u00eatre tr\u00e8s \u00e9lev\u00e9s. Un seul v\u00e9hicule bien marqu\u00e9 peut g\u00e9n\u00e9rer des impressions illimit\u00e9es tout au long de sa dur\u00e9e de vie, rendant le marquage extr\u00eamement rentable \u00e0 long terme.<\/p>[\/et_pb_text][\/et_pb_column][\/et_pb_row][\/et_pb_section][et_pb_section fb_built=&#8221;1&#8243; theme_builder_area=&#8221;post_content&#8221; _builder_version=&#8221;4.27.0&#8243; _module_preset=&#8221;default&#8221;][et_pb_row _builder_version=&#8221;4.16&#8243; global_colors_info=&#8221;{}&#8221; theme_builder_area=&#8221;post_content&#8221;][et_pb_column type=&#8221;4_4&#8243; _builder_version=&#8221;4.16&#8243; custom_padding=&#8221;|||&#8221; global_colors_info=&#8221;{}&#8221; custom_padding__hover=&#8221;|||&#8221; theme_builder_area=&#8221;post_content&#8221;][et_pb_text _builder_version=&#8221;4.27.0&#8243; _module_preset=&#8221;default&#8221; text_font_size=&#8221;24px&#8221; header_2_font=&#8221;|600|||||||&#8221; text_orientation=&#8221;center&#8221; global_colors_info=&#8221;{}&#8221; theme_builder_area=&#8221;post_content&#8221;]<h2 class=\"contact__title\">Demande de devis<\/h2>[\/et_pb_text][\/et_pb_column][\/et_pb_row][\/et_pb_section][et_pb_section fb_built=&#8221;1&#8243; theme_builder_area=&#8221;post_content&#8221; _builder_version=&#8221;4.27.0&#8243; _module_preset=&#8221;default&#8221;][et_pb_row _builder_version=&#8221;4.27.0&#8243; _module_preset=&#8221;default&#8221; global_colors_info=&#8221;{}&#8221; theme_builder_area=&#8221;post_content&#8221;][et_pb_column type=&#8221;4_4&#8243; _builder_version=&#8221;4.27.0&#8243; _module_preset=&#8221;default&#8221; global_colors_info=&#8221;{}&#8221; theme_builder_area=&#8221;post_content&#8221;][et_pb_contact_form _builder_version=&#8221;4.27.0&#8243; _module_preset=&#8221;default&#8221; _unique_id=&#8221;57729154-028f-44ff-ad3a-4883b16819b4&#8243; form_field_background_color=&#8221;#bababa&#8221; form_field_text_color=&#8221;#FFFFFF&#8221; form_field_focus_background_color=&#8221;#bababa&#8221; form_field_focus_text_color=&#8221;#000000&#8243; title_text_color=&#8221;#FFFFFF&#8221; custom_button=&#8221;on&#8221; button_text_color=&#8221;#000000&#8243; button_icon=&#8221;&#x2c;||divi||400&#8243; border_radii=&#8221;on|40px|40px|40px|40px&#8221; border_color_all=&#8221;#000000&#8243; global_colors_info=&#8221;{}&#8221; theme_builder_area=&#8221;post_content&#8221;][et_pb_contact_field field_id=&#8221;Name&#8221; field_title=&#8221;Nom&#8221; _builder_version=&#8221;4.16&#8243; global_colors_info=&#8221;{}&#8221; button_text_size__hover_enabled=&#8221;off&#8221; button_one_text_size__hover_enabled=&#8221;off&#8221; button_two_text_size__hover_enabled=&#8221;off&#8221; button_text_color__hover_enabled=&#8221;off&#8221; button_one_text_color__hover_enabled=&#8221;off&#8221; button_two_text_color__hover_enabled=&#8221;off&#8221; button_border_width__hover_enabled=&#8221;off&#8221; button_one_border_width__hover_enabled=&#8221;off&#8221; button_two_border_width__hover_enabled=&#8221;off&#8221; button_border_color__hover_enabled=&#8221;off&#8221; button_one_border_color__hover_enabled=&#8221;off&#8221; button_two_border_color__hover_enabled=&#8221;off&#8221; button_border_radius__hover_enabled=&#8221;off&#8221; button_one_border_radius__hover_enabled=&#8221;off&#8221; button_two_border_radius__hover_enabled=&#8221;off&#8221; button_letter_spacing__hover_enabled=&#8221;off&#8221; button_one_letter_spacing__hover_enabled=&#8221;off&#8221; button_two_letter_spacing__hover_enabled=&#8221;off&#8221; button_bg_color__hover_enabled=&#8221;off&#8221; button_one_bg_color__hover_enabled=&#8221;off&#8221; button_two_bg_color__hover_enabled=&#8221;off&#8221; theme_builder_area=&#8221;post_content&#8221;][\/et_pb_contact_field][et_pb_contact_field field_id=&#8221;Email&#8221; field_title=&#8221;Adresse e-mail&#8221; field_type=&#8221;email&#8221; _builder_version=&#8221;4.16&#8243; global_colors_info=&#8221;{}&#8221; button_text_size__hover_enabled=&#8221;off&#8221; button_one_text_size__hover_enabled=&#8221;off&#8221; button_two_text_size__hover_enabled=&#8221;off&#8221; button_text_color__hover_enabled=&#8221;off&#8221; button_one_text_color__hover_enabled=&#8221;off&#8221; button_two_text_color__hover_enabled=&#8221;off&#8221; button_border_width__hover_enabled=&#8221;off&#8221; button_one_border_width__hover_enabled=&#8221;off&#8221; button_two_border_width__hover_enabled=&#8221;off&#8221; button_border_color__hover_enabled=&#8221;off&#8221; button_one_border_color__hover_enabled=&#8221;off&#8221; button_two_border_color__hover_enabled=&#8221;off&#8221; button_border_radius__hover_enabled=&#8221;off&#8221; button_one_border_radius__hover_enabled=&#8221;off&#8221; button_two_border_radius__hover_enabled=&#8221;off&#8221; button_letter_spacing__hover_enabled=&#8221;off&#8221; button_one_letter_spacing__hover_enabled=&#8221;off&#8221; button_two_letter_spacing__hover_enabled=&#8221;off&#8221; button_bg_color__hover_enabled=&#8221;off&#8221; button_one_bg_color__hover_enabled=&#8221;off&#8221; button_two_bg_color__hover_enabled=&#8221;off&#8221; theme_builder_area=&#8221;post_content&#8221;][\/et_pb_contact_field][et_pb_contact_field field_id=&#8221;T\u00e9l\u00e9phone&#8221; field_title=&#8221;T\u00e9l\u00e9phone&#8221; allowed_symbols=&#8221;numbers&#8221; _builder_version=&#8221;4.27.0&#8243; global_colors_info=&#8221;{}&#8221; button_text_size__hover_enabled=&#8221;off&#8221; button_one_text_size__hover_enabled=&#8221;off&#8221; button_two_text_size__hover_enabled=&#8221;off&#8221; button_text_color__hover_enabled=&#8221;off&#8221; button_one_text_color__hover_enabled=&#8221;off&#8221; button_two_text_color__hover_enabled=&#8221;off&#8221; button_border_width__hover_enabled=&#8221;off&#8221; button_one_border_width__hover_enabled=&#8221;off&#8221; button_two_border_width__hover_enabled=&#8221;off&#8221; button_border_color__hover_enabled=&#8221;off&#8221; button_one_border_color__hover_enabled=&#8221;off&#8221; button_two_border_color__hover_enabled=&#8221;off&#8221; button_border_radius__hover_enabled=&#8221;off&#8221; button_one_border_radius__hover_enabled=&#8221;off&#8221; button_two_border_radius__hover_enabled=&#8221;off&#8221; button_letter_spacing__hover_enabled=&#8221;off&#8221; button_one_letter_spacing__hover_enabled=&#8221;off&#8221; button_two_letter_spacing__hover_enabled=&#8221;off&#8221; button_bg_color__hover_enabled=&#8221;off&#8221; button_one_bg_color__hover_enabled=&#8221;off&#8221; button_two_bg_color__hover_enabled=&#8221;off&#8221; theme_builder_area=&#8221;post_content&#8221;][\/et_pb_contact_field][et_pb_contact_field field_id=&#8221;adresse_postal&#8221; field_title=&#8221;Adresse postal&#8221; _builder_version=&#8221;4.27.0&#8243; global_colors_info=&#8221;{}&#8221; button_text_size__hover_enabled=&#8221;off&#8221; button_one_text_size__hover_enabled=&#8221;off&#8221; button_two_text_size__hover_enabled=&#8221;off&#8221; button_text_color__hover_enabled=&#8221;off&#8221; button_one_text_color__hover_enabled=&#8221;off&#8221; button_two_text_color__hover_enabled=&#8221;off&#8221; button_border_width__hover_enabled=&#8221;off&#8221; button_one_border_width__hover_enabled=&#8221;off&#8221; button_two_border_width__hover_enabled=&#8221;off&#8221; button_border_color__hover_enabled=&#8221;off&#8221; button_one_border_color__hover_enabled=&#8221;off&#8221; button_two_border_color__hover_enabled=&#8221;off&#8221; button_border_radius__hover_enabled=&#8221;off&#8221; button_one_border_radius__hover_enabled=&#8221;off&#8221; button_two_border_radius__hover_enabled=&#8221;off&#8221; button_letter_spacing__hover_enabled=&#8221;off&#8221; button_one_letter_spacing__hover_enabled=&#8221;off&#8221; button_two_letter_spacing__hover_enabled=&#8221;off&#8221; button_bg_color__hover_enabled=&#8221;off&#8221; button_one_bg_color__hover_enabled=&#8221;off&#8221; button_two_bg_color__hover_enabled=&#8221;off&#8221; theme_builder_area=&#8221;post_content&#8221;][\/et_pb_contact_field][et_pb_contact_field field_id=&#8221;Message&#8221; field_title=&#8221;Message&#8221; field_type=&#8221;text&#8221; fullwidth_field=&#8221;on&#8221; _builder_version=&#8221;4.16&#8243; global_colors_info=&#8221;{}&#8221; button_text_size__hover_enabled=&#8221;off&#8221; button_one_text_size__hover_enabled=&#8221;off&#8221; button_two_text_size__hover_enabled=&#8221;off&#8221; button_text_color__hover_enabled=&#8221;off&#8221; button_one_text_color__hover_enabled=&#8221;off&#8221; button_two_text_color__hover_enabled=&#8221;off&#8221; button_border_width__hover_enabled=&#8221;off&#8221; button_one_border_width__hover_enabled=&#8221;off&#8221; button_two_border_width__hover_enabled=&#8221;off&#8221; button_border_color__hover_enabled=&#8221;off&#8221; button_one_border_color__hover_enabled=&#8221;off&#8221; button_two_border_color__hover_enabled=&#8221;off&#8221; button_border_radius__hover_enabled=&#8221;off&#8221; button_one_border_radius__hover_enabled=&#8221;off&#8221; button_two_border_radius__hover_enabled=&#8221;off&#8221; button_letter_spacing__hover_enabled=&#8221;off&#8221; button_one_letter_spacing__hover_enabled=&#8221;off&#8221; button_two_letter_spacing__hover_enabled=&#8221;off&#8221; button_bg_color__hover_enabled=&#8221;off&#8221; button_one_bg_color__hover_enabled=&#8221;off&#8221; button_two_bg_color__hover_enabled=&#8221;off&#8221; theme_builder_area=&#8221;post_content&#8221;][\/et_pb_contact_field][\/et_pb_contact_form][\/et_pb_column][\/et_pb_row][\/et_pb_section]\n","protected":false},"excerpt":{"rendered":"<p>Marquage v\u00e9hiculeMarquage v\u00e9hicule Puget-Sur-Argens est un outil de communication visuelle puissant, souvent sous-estim\u00e9, qui peut grandement contribuer \u00e0 la notori\u00e9t\u00e9 d\u2019une entreprise. Un marquage de v\u00e9hicule bien visible offre une multitude d\u2019avantages, que ce soit en termes de marketing, de visibilit\u00e9 ou de cr\u00e9dibilit\u00e9. Voici pourquoi il est si important d&#8217;avoir un marquage efficace et [&hellip;]<\/p>\n","protected":false},"author":1,"featured_media":0,"parent":0,"menu_order":0,"comment_status":"closed","ping_status":"closed","template":"","meta":{"_et_pb_use_builder":"on","_et_pb_old_content":"<!-- wp:divi\/placeholder \/-->","_et_gb_content_width":"","footnotes":""},"class_list":["post-58","page","type-page","status-publish","hentry"],"yoast_head":"<!-- This site is optimized with the Yoast SEO plugin v24.4 - https:\/\/yoast.com\/wordpress\/plugins\/seo\/ -->\n<title>Marquage v\u00e9hicule Puget-Sur-Argens<\/title>\n<meta name=\"description\" content=\"Marquage v\u00e9hicule Puget-Sur-Argens Flocage utilitaire covering Fr\u00e9jus, \u00e0 partir de 120\u20acht, covering, adh\u00e9sif sur v\u00e9hicule\" \/>\n<meta name=\"robots\" content=\"index, follow, max-snippet:-1, max-image-preview:large, max-video-preview:-1\" \/>\n<link rel=\"canonical\" href=\"https:\/\/enseigne-signaletique-frejus.fr\/?page_id=58\" \/>\n<meta property=\"og:locale\" content=\"en_US\" \/>\n<meta property=\"og:type\" content=\"article\" \/>\n<meta property=\"og:title\" content=\"Marquage v\u00e9hicule Puget-Sur-Argens\" \/>\n<meta property=\"og:description\" content=\"Marquage v\u00e9hicule Puget-Sur-Argens Flocage utilitaire covering Fr\u00e9jus, \u00e0 partir de 120\u20acht, covering, adh\u00e9sif sur v\u00e9hicule\" \/>\n<meta property=\"og:url\" content=\"https:\/\/enseigne-signaletique-frejus.fr\/?page_id=58\" \/>\n<meta property=\"og:site_name\" content=\"Enseigne signal\u00e9tique Fr\u00e9jus\" \/>\n<meta property=\"article:modified_time\" content=\"2024-09-28T20:20:11+00:00\" \/>\n<meta name=\"twitter:card\" content=\"summary_large_image\" \/>\n<meta name=\"twitter:label1\" content=\"Est. reading time\" \/>\n\t<meta name=\"twitter:data1\" content=\"3 minutes\" \/>\n<script type=\"application\/ld+json\" class=\"yoast-schema-graph\">{\"@context\":\"https:\/\/schema.org\",\"@graph\":[{\"@type\":\"WebPage\",\"@id\":\"https:\/\/enseigne-signaletique-frejus.fr\/?page_id=58\",\"url\":\"https:\/\/enseigne-signaletique-frejus.fr\/?page_id=58\",\"name\":\"Marquage v\u00e9hicule Puget-Sur-Argens\",\"isPartOf\":{\"@id\":\"https:\/\/enseigne-signaletique-frejus.fr\/#website\"},\"datePublished\":\"2024-08-31T14:37:42+00:00\",\"dateModified\":\"2024-09-28T20:20:11+00:00\",\"description\":\"Marquage v\u00e9hicule Puget-Sur-Argens Flocage utilitaire covering Fr\u00e9jus, \u00e0 partir de 120\u20acht, covering, adh\u00e9sif sur v\u00e9hicule\",\"breadcrumb\":{\"@id\":\"https:\/\/enseigne-signaletique-frejus.fr\/?page_id=58#breadcrumb\"},\"inLanguage\":\"en-US\",\"potentialAction\":[{\"@type\":\"ReadAction\",\"target\":[\"https:\/\/enseigne-signaletique-frejus.fr\/?page_id=58\"]}]},{\"@type\":\"BreadcrumbList\",\"@id\":\"https:\/\/enseigne-signaletique-frejus.fr\/?page_id=58#breadcrumb\",\"itemListElement\":[{\"@type\":\"ListItem\",\"position\":1,\"name\":\"Accueil\",\"item\":\"https:\/\/enseigne-signaletique-frejus.fr\/\"},{\"@type\":\"ListItem\",\"position\":2,\"name\":\"Marquage v\u00e9hicule\"}]},{\"@type\":\"WebSite\",\"@id\":\"https:\/\/enseigne-signaletique-frejus.fr\/#website\",\"url\":\"https:\/\/enseigne-signaletique-frejus.fr\/\",\"name\":\"Enseigne signal\u00e9tique Fr\u00e9jus\",\"description\":\"Enseigne signal\u00e9tique Fr\u00e9jus\",\"potentialAction\":[{\"@type\":\"SearchAction\",\"target\":{\"@type\":\"EntryPoint\",\"urlTemplate\":\"https:\/\/enseigne-signaletique-frejus.fr\/?s={search_term_string}\"},\"query-input\":{\"@type\":\"PropertyValueSpecification\",\"valueRequired\":true,\"valueName\":\"search_term_string\"}}],\"inLanguage\":\"en-US\"}]}<\/script>\n<!-- \/ Yoast SEO plugin. -->","yoast_head_json":{"title":"Marquage v\u00e9hicule Puget-Sur-Argens","description":"Marquage v\u00e9hicule Puget-Sur-Argens Flocage utilitaire covering Fr\u00e9jus, \u00e0 partir de 120\u20acht, covering, adh\u00e9sif sur v\u00e9hicule","robots":{"index":"index","follow":"follow","max-snippet":"max-snippet:-1","max-image-preview":"max-image-preview:large","max-video-preview":"max-video-preview:-1"},"canonical":"https:\/\/enseigne-signaletique-frejus.fr\/?page_id=58","og_locale":"en_US","og_type":"article","og_title":"Marquage v\u00e9hicule Puget-Sur-Argens","og_description":"Marquage v\u00e9hicule Puget-Sur-Argens Flocage utilitaire covering Fr\u00e9jus, \u00e0 partir de 120\u20acht, covering, adh\u00e9sif sur v\u00e9hicule","og_url":"https:\/\/enseigne-signaletique-frejus.fr\/?page_id=58","og_site_name":"Enseigne signal\u00e9tique Fr\u00e9jus","article_modified_time":"2024-09-28T20:20:11+00:00","twitter_card":"summary_large_image","twitter_misc":{"Est. reading time":"3 minutes"},"schema":{"@context":"https:\/\/schema.org","@graph":[{"@type":"WebPage","@id":"https:\/\/enseigne-signaletique-frejus.fr\/?page_id=58","url":"https:\/\/enseigne-signaletique-frejus.fr\/?page_id=58","name":"Marquage v\u00e9hicule Puget-Sur-Argens","isPartOf":{"@id":"https:\/\/enseigne-signaletique-frejus.fr\/#website"},"datePublished":"2024-08-31T14:37:42+00:00","dateModified":"2024-09-28T20:20:11+00:00","description":"Marquage v\u00e9hicule Puget-Sur-Argens Flocage utilitaire covering Fr\u00e9jus, \u00e0 partir de 120\u20acht, covering, adh\u00e9sif sur v\u00e9hicule","breadcrumb":{"@id":"https:\/\/enseigne-signaletique-frejus.fr\/?page_id=58#breadcrumb"},"inLanguage":"en-US","potentialAction":[{"@type":"ReadAction","target":["https:\/\/enseigne-signaletique-frejus.fr\/?page_id=58"]}]},{"@type":"BreadcrumbList","@id":"https:\/\/enseigne-signaletique-frejus.fr\/?page_id=58#breadcrumb","itemListElement":[{"@type":"ListItem","position":1,"name":"Accueil","item":"https:\/\/enseigne-signaletique-frejus.fr\/"},{"@type":"ListItem","position":2,"name":"Marquage v\u00e9hicule"}]},{"@type":"WebSite","@id":"https:\/\/enseigne-signaletique-frejus.fr\/#website","url":"https:\/\/enseigne-signaletique-frejus.fr\/","name":"Enseigne signal\u00e9tique Fr\u00e9jus","description":"Enseigne signal\u00e9tique Fr\u00e9jus","potentialAction":[{"@type":"SearchAction","target":{"@type":"EntryPoint","urlTemplate":"https:\/\/enseigne-signaletique-frejus.fr\/?s={search_term_string}"},"query-input":{"@type":"PropertyValueSpecification","valueRequired":true,"valueName":"search_term_string"}}],"inLanguage":"en-US"}]}},"_links":{"self":[{"href":"https:\/\/enseigne-signaletique-frejus.fr\/index.php?rest_route=\/wp\/v2\/pages\/58","targetHints":{"allow":["GET"]}}],"collection":[{"href":"https:\/\/enseigne-signaletique-frejus.fr\/index.php?rest_route=\/wp\/v2\/pages"}],"about":[{"href":"https:\/\/enseigne-signaletique-frejus.fr\/index.php?rest_route=\/wp\/v2\/types\/page"}],"author":[{"embeddable":true,"href":"https:\/\/enseigne-signaletique-frejus.fr\/index.php?rest_route=\/wp\/v2\/users\/1"}],"replies":[{"embeddable":true,"href":"https:\/\/enseigne-signaletique-frejus.fr\/index.php?rest_route=%2Fwp%2Fv2%2Fcomments&post=58"}],"version-history":[{"count":4,"href":"https:\/\/enseigne-signaletique-frejus.fr\/index.php?rest_route=\/wp\/v2\/pages\/58\/revisions"}],"predecessor-version":[{"id":97,"href":"https:\/\/enseigne-signaletique-frejus.fr\/index.php?rest_route=\/wp\/v2\/pages\/58\/revisions\/97"}],"wp:attachment":[{"href":"https:\/\/enseigne-signaletique-frejus.fr\/index.php?rest_route=%2Fwp%2Fv2%2Fmedia&parent=58"}],"curies":[{"name":"wp","href":"https:\/\/api.w.org\/{rel}","templated":true}]}}