{"id":56,"date":"2024-08-31T16:35:29","date_gmt":"2024-08-31T14:35:29","guid":{"rendered":"https:\/\/enseigne-signaletique-frejus.fr\/?page_id=56"},"modified":"2024-09-28T22:15:28","modified_gmt":"2024-09-28T20:15:28","slug":"enseigne-signaletique-puget-sur-argens-impression-tous-support","status":"publish","type":"page","link":"https:\/\/enseigne-signaletique-frejus.fr\/?page_id=56","title":{"rendered":"Enseigne signal\u00e9tique"},"content":{"rendered":"<p>[et_pb_section fb_built=&#8221;1&#8243; specialty=&#8221;on&#8221; custom_padding_last_edited=&#8221;on|desktop&#8221; padding_top_1=&#8221;0px&#8221; padding_2_tablet=&#8221;|||10vw&#8221; padding_2_phone=&#8221;&#8221; padding_2_last_edited=&#8221;on|tablet&#8221; admin_label=&#8221;Header&#8221; _builder_version=&#8221;4.16&#8243; background_color=&#8221;#eaeaf1&#8243; inner_width=&#8221;100%&#8221; inner_max_width=&#8221;100%&#8221; custom_padding=&#8221;0px|10vw|1px|||&#8221; custom_padding_tablet=&#8221;|||&#8221; custom_padding_phone=&#8221;&#8221; locked=&#8221;off&#8221; global_colors_info=&#8221;{}&#8221;][et_pb_column type=&#8221;1_2&#8243; _builder_version=&#8221;4.16&#8243; custom_padding=&#8221;|||&#8221; global_colors_info=&#8221;{}&#8221; custom_padding__hover=&#8221;|||&#8221;][et_pb_image src=&#8221;https:\/\/enseigne-signaletique-frejus.fr\/wp-content\/uploads\/2024\/08\/mechanic-73.png&#8221; title_text=&#8221;decoupe-de-lettres-2109321&#8243; align_tablet=&#8221;center&#8221; align_phone=&#8221;center&#8221; align_last_edited=&#8221;on|desktop&#8221; _builder_version=&#8221;4.27.0&#8243; background_image=&#8221;https:\/\/enseigne-signaletique-frejus.fr\/wp-content\/uploads\/2024\/08\/decoupe-de-lettres-2109321.jpg&#8221; parallax=&#8221;on&#8221; custom_margin=&#8221;|-50vw||&#8221; custom_margin_tablet=&#8221;|0vw||&#8221; custom_margin_phone=&#8221;&#8221; custom_margin_last_edited=&#8221;on|desktop&#8221; locked=&#8221;off&#8221; global_colors_info=&#8221;{}&#8221;][\/et_pb_image][\/et_pb_column][et_pb_column type=&#8221;1_2&#8243; specialty_columns=&#8221;2&#8243; _builder_version=&#8221;4.16&#8243; custom_padding=&#8221;|||&#8221; global_colors_info=&#8221;{}&#8221; custom_padding__hover=&#8221;|||&#8221;][et_pb_row_inner custom_padding_last_edited=&#8221;on|phone&#8221; _builder_version=&#8221;4.16&#8243; background_color=&#8221;#0251b8&#8243; max_width=&#8221;600px&#8221; custom_margin=&#8221;10vw|||&#8221; custom_margin_tablet=&#8221;-40vw||&#8221; custom_margin_phone=&#8221;&#8221; custom_margin_last_edited=&#8221;on|tablet&#8221; custom_padding=&#8221;80px|60px|80px|60px|true|false&#8221; custom_padding_tablet=&#8221;60px|50px|60px|50px|true|true&#8221; custom_padding_phone=&#8221;50px|||40px&#8221; box_shadow_style=&#8221;preset2&#8243; box_shadow_vertical=&#8221;28px&#8221; box_shadow_blur=&#8221;40px&#8221; box_shadow_color=&#8221;rgba(0,0,0,0.1)&#8221; global_colors_info=&#8221;{}&#8221;][et_pb_column_inner saved_specialty_column_type=&#8221;1_2&#8243; _builder_version=&#8221;4.16&#8243; custom_padding=&#8221;|||&#8221; global_colors_info=&#8221;{}&#8221; custom_padding__hover=&#8221;|||&#8221;][et_pb_text _builder_version=&#8221;4.27.0&#8243; text_font=&#8221;||||||||&#8221; header_font=&#8221;Khand|700||on|||||&#8221; header_font_size=&#8221;42px&#8221; background_layout=&#8221;dark&#8221; header_font_size_tablet=&#8221;60px&#8221; header_font_size_phone=&#8221;40px&#8221; header_font_size_last_edited=&#8221;on|phone&#8221; locked=&#8221;off&#8221; global_colors_info=&#8221;{}&#8221;]<\/p>\n<h1>Enseigne et signal\u00e9tique<\/h1>\n<p>[\/et_pb_text][et_pb_divider color=&#8221;#ffffff&#8221; divider_style=&#8221;double&#8221; divider_weight=&#8221;10px&#8221; _builder_version=&#8221;4.16&#8243; transform_skew=&#8221;-20deg|0deg&#8221; max_width=&#8221;100px&#8221; height=&#8221;10px&#8221; locked=&#8221;off&#8221; global_colors_info=&#8221;{}&#8221;][\/et_pb_divider][et_pb_text _builder_version=&#8221;4.27.0&#8243; text_font=&#8221;|600|||||||&#8221; text_line_height=&#8221;2em&#8221; background_layout=&#8221;dark&#8221; hover_enabled=&#8221;0&#8243; locked=&#8221;off&#8221; global_colors_info=&#8221;{}&#8221; sticky_enabled=&#8221;0&#8243;]<\/p>\n<p>Enseigne signal\u00e9tique Puget-Sur-Argens impression tous support ,dans un environnement commercial de plus en plus concurrentiel, l&#8217;importance de l&#8217;enseigne et de la signal\u00e9tique ne peut \u00eatre sous-estim\u00e9e. Ces outils de communication visuelle jouent un r\u00f4le crucial pour attirer l&#8217;attention, informer, et guider les clients potentiels. \u00c0 Fr\u00e9jus, une ville dynamique au c\u0153ur de la C\u00f4te d&#8217;Azur, la cr\u00e9ation d&#8217;enseignes et de signal\u00e9tiques percutantes est essentielle pour se d\u00e9marquer et renforcer la visibilit\u00e9 de votre entreprise. Explorons les aspects cl\u00e9s pour r\u00e9ussir la conception et la mise en place de ces supports avec &#8220;Enseigne Signal\u00e9tique Fr\u00e9jus<\/p>\n<p>[\/et_pb_text][\/et_pb_column_inner][\/et_pb_row_inner][\/et_pb_column][\/et_pb_section][et_pb_section fb_built=&#8221;1&#8243; admin_label=&#8221;About&#8221; _builder_version=&#8221;4.16&#8243; background_color=&#8221;#eaeaf1&#8243; min_height=&#8221;709px&#8221; custom_padding=&#8221;50px|0px|0|0px|false|false&#8221; locked=&#8221;off&#8221; global_colors_info=&#8221;{}&#8221;][et_pb_row _builder_version=&#8221;4.27.0&#8243; _module_preset=&#8221;default&#8221; global_colors_info=&#8221;{}&#8221;][et_pb_column type=&#8221;4_4&#8243; _builder_version=&#8221;4.27.0&#8243; _module_preset=&#8221;default&#8221; global_colors_info=&#8221;{}&#8221;][et_pb_text _builder_version=&#8221;4.27.0&#8243; _module_preset=&#8221;default&#8221; text_font=&#8221;|600|||||||&#8221; text_text_color=&#8221;#000000&#8243; text_letter_spacing=&#8221;1px&#8221; global_colors_info=&#8221;{}&#8221;]<\/p>\n<p>Enseigne signal\u00e9tique Puget-Sur-Argens impression tous support, Une signal\u00e9tique et une enseigne bien visibles jouent un r\u00f4le crucial dans le succ\u00e8s d&#8217;une entreprise, qu&#8217;elle soit petite ou grande. Elles constituent le premier point de contact visuel avec les clients potentiels, influen\u00e7ant leur perception de la marque et leur d\u00e9cision d&#8217;entrer dans un commerce ou de solliciter un service. Voici quelques points cl\u00e9s illustrant leur importance.<\/p>\n<h3>Attirer l\u2019attention des clients<\/h3>\n<p>La visibilit\u00e9 d\u2019une enseigne ou d\u2019une signal\u00e9tique permet d&#8217;attirer l\u2019attention des passants. Dans un environnement urbain satur\u00e9 de stimuli visuels, se d\u00e9marquer est essentiel. Une enseigne bien con\u00e7ue et positionn\u00e9e de mani\u00e8re strat\u00e9gique capte instantan\u00e9ment l&#8217;\u0153il du client potentiel. Si elle est lisible, esth\u00e9tique et repr\u00e9sente clairement l&#8217;activit\u00e9 de l&#8217;entreprise, elle favorise une meilleure compr\u00e9hension de l&#8217;offre et incite \u00e0 entrer.<\/p>\n<h3>Renforcer l\u2019identit\u00e9 de la marque<\/h3>\n<p>Une enseigne visible renforce l&#8217;identit\u00e9 de la marque. C&#8217;est un <a href=\"https:\/\/pano-nice-ouest.fr\/\">\u00e9l\u00e9ment<\/a> de branding qui permet \u00e0 une entreprise de se distinguer de ses concurrents. Couleurs, polices de caract\u00e8re, logos et formes sont autant d&#8217;\u00e9l\u00e9ments qui v\u00e9hiculent les valeurs et l\u2019image de la marque. Une signal\u00e9tique bien pens\u00e9e renforce ainsi la reconnaissance visuelle et facilite la m\u00e9morisation de l\u2019entreprise par les clients.<\/p>\n<h3>Am\u00e9liorer l\u2019orientation et la fluidit\u00e9<\/h3>\n<p>La signal\u00e9tique ne se limite pas \u00e0 l&#8217;ext\u00e9rieur d\u2019un b\u00e2timent. \u00c0 l\u2019int\u00e9rieur, elle est essentielle pour orienter les visiteurs. Une signalisation claire r\u00e9duit la confusion, am\u00e9liore l&#8217;exp\u00e9rience utilisateur, et fluidifie les d\u00e9placements au sein d&#8217;un espace commercial ou d&#8217;un bureau. Des clients ou visiteurs bien <a href=\"https:\/\/www.enseigne-nice.info\/\">guid\u00e9s<\/a> sont plus enclins \u00e0 revenir, car leur parcours a \u00e9t\u00e9 facilit\u00e9.<\/p>\n<h3>Impacts sur la d\u00e9cision d\u2019achat<\/h3>\n<p>Enfin, la visibilit\u00e9 de l&#8217;enseigne et de la signal\u00e9tique peut directement influencer la d\u00e9cision d&#8217;achat. Un client ind\u00e9cis peut se laisser convaincre par une enseigne attrayante et une signal\u00e9tique qui communique des informations importantes (promotions, services sp\u00e9cifiques). Ces \u00e9l\u00e9ments cr\u00e9ent une atmosph\u00e8re accueillante et incitent \u00e0 passer \u00e0 l&#8217;acte d&#8217;achat.<\/p>\n<p>[\/et_pb_text][\/et_pb_column][\/et_pb_row][\/et_pb_section][et_pb_section fb_built=&#8221;1&#8243; _builder_version=&#8221;4.27.0&#8243; _module_preset=&#8221;default&#8221; global_colors_info=&#8221;{}&#8221;][et_pb_row _builder_version=&#8221;4.16&#8243; global_colors_info=&#8221;{}&#8221;][et_pb_column type=&#8221;4_4&#8243; _builder_version=&#8221;4.16&#8243; custom_padding=&#8221;|||&#8221; global_colors_info=&#8221;{}&#8221; custom_padding__hover=&#8221;|||&#8221;][et_pb_text _builder_version=&#8221;4.27.0&#8243; _module_preset=&#8221;default&#8221; text_font_size=&#8221;24px&#8221; header_2_font=&#8221;|600|||||||&#8221; text_orientation=&#8221;center&#8221; global_colors_info=&#8221;{}&#8221;]<\/p>\n<h2 class=\"contact__title\">Demande de devis<\/h2>\n<p>[\/et_pb_text][\/et_pb_column][\/et_pb_row][\/et_pb_section][et_pb_section fb_built=&#8221;1&#8243; _builder_version=&#8221;4.27.0&#8243; _module_preset=&#8221;default&#8221; global_colors_info=&#8221;{}&#8221;][et_pb_row _builder_version=&#8221;4.27.0&#8243; _module_preset=&#8221;default&#8221; global_colors_info=&#8221;{}&#8221;][et_pb_column type=&#8221;4_4&#8243; _builder_version=&#8221;4.27.0&#8243; _module_preset=&#8221;default&#8221; global_colors_info=&#8221;{}&#8221;][et_pb_contact_form _builder_version=&#8221;4.27.0&#8243; _module_preset=&#8221;default&#8221; _unique_id=&#8221;57729154-028f-44ff-ad3a-4883b16819b4&#8243; form_field_background_color=&#8221;#bababa&#8221; form_field_text_color=&#8221;#FFFFFF&#8221; form_field_focus_background_color=&#8221;#bababa&#8221; form_field_focus_text_color=&#8221;#000000&#8243; title_text_color=&#8221;#FFFFFF&#8221; custom_button=&#8221;on&#8221; button_text_color=&#8221;#000000&#8243; button_icon=&#8221;&#x2c;||divi||400&#8243; border_radii=&#8221;on|40px|40px|40px|40px&#8221; border_color_all=&#8221;#000000&#8243; global_colors_info=&#8221;{}&#8221;][et_pb_contact_field field_id=&#8221;Name&#8221; field_title=&#8221;Nom&#8221; _builder_version=&#8221;4.16&#8243; global_colors_info=&#8221;{}&#8221; button_text_size__hover_enabled=&#8221;off&#8221; button_one_text_size__hover_enabled=&#8221;off&#8221; button_two_text_size__hover_enabled=&#8221;off&#8221; button_text_color__hover_enabled=&#8221;off&#8221; button_one_text_color__hover_enabled=&#8221;off&#8221; button_two_text_color__hover_enabled=&#8221;off&#8221; button_border_width__hover_enabled=&#8221;off&#8221; button_one_border_width__hover_enabled=&#8221;off&#8221; button_two_border_width__hover_enabled=&#8221;off&#8221; button_border_color__hover_enabled=&#8221;off&#8221; button_one_border_color__hover_enabled=&#8221;off&#8221; button_two_border_color__hover_enabled=&#8221;off&#8221; button_border_radius__hover_enabled=&#8221;off&#8221; button_one_border_radius__hover_enabled=&#8221;off&#8221; button_two_border_radius__hover_enabled=&#8221;off&#8221; button_letter_spacing__hover_enabled=&#8221;off&#8221; button_one_letter_spacing__hover_enabled=&#8221;off&#8221; button_two_letter_spacing__hover_enabled=&#8221;off&#8221; button_bg_color__hover_enabled=&#8221;off&#8221; button_one_bg_color__hover_enabled=&#8221;off&#8221; button_two_bg_color__hover_enabled=&#8221;off&#8221;][\/et_pb_contact_field][et_pb_contact_field field_id=&#8221;Email&#8221; field_title=&#8221;Adresse e-mail&#8221; field_type=&#8221;email&#8221; _builder_version=&#8221;4.16&#8243; global_colors_info=&#8221;{}&#8221; button_text_size__hover_enabled=&#8221;off&#8221; button_one_text_size__hover_enabled=&#8221;off&#8221; button_two_text_size__hover_enabled=&#8221;off&#8221; button_text_color__hover_enabled=&#8221;off&#8221; button_one_text_color__hover_enabled=&#8221;off&#8221; button_two_text_color__hover_enabled=&#8221;off&#8221; button_border_width__hover_enabled=&#8221;off&#8221; button_one_border_width__hover_enabled=&#8221;off&#8221; button_two_border_width__hover_enabled=&#8221;off&#8221; button_border_color__hover_enabled=&#8221;off&#8221; button_one_border_color__hover_enabled=&#8221;off&#8221; button_two_border_color__hover_enabled=&#8221;off&#8221; button_border_radius__hover_enabled=&#8221;off&#8221; button_one_border_radius__hover_enabled=&#8221;off&#8221; button_two_border_radius__hover_enabled=&#8221;off&#8221; button_letter_spacing__hover_enabled=&#8221;off&#8221; button_one_letter_spacing__hover_enabled=&#8221;off&#8221; button_two_letter_spacing__hover_enabled=&#8221;off&#8221; button_bg_color__hover_enabled=&#8221;off&#8221; button_one_bg_color__hover_enabled=&#8221;off&#8221; button_two_bg_color__hover_enabled=&#8221;off&#8221;][\/et_pb_contact_field][et_pb_contact_field field_id=&#8221;T\u00e9l\u00e9phone&#8221; field_title=&#8221;T\u00e9l\u00e9phone&#8221; allowed_symbols=&#8221;numbers&#8221; _builder_version=&#8221;4.27.0&#8243; global_colors_info=&#8221;{}&#8221; button_text_size__hover_enabled=&#8221;off&#8221; button_one_text_size__hover_enabled=&#8221;off&#8221; button_two_text_size__hover_enabled=&#8221;off&#8221; button_text_color__hover_enabled=&#8221;off&#8221; button_one_text_color__hover_enabled=&#8221;off&#8221; button_two_text_color__hover_enabled=&#8221;off&#8221; button_border_width__hover_enabled=&#8221;off&#8221; button_one_border_width__hover_enabled=&#8221;off&#8221; button_two_border_width__hover_enabled=&#8221;off&#8221; button_border_color__hover_enabled=&#8221;off&#8221; button_one_border_color__hover_enabled=&#8221;off&#8221; button_two_border_color__hover_enabled=&#8221;off&#8221; button_border_radius__hover_enabled=&#8221;off&#8221; button_one_border_radius__hover_enabled=&#8221;off&#8221; button_two_border_radius__hover_enabled=&#8221;off&#8221; button_letter_spacing__hover_enabled=&#8221;off&#8221; button_one_letter_spacing__hover_enabled=&#8221;off&#8221; button_two_letter_spacing__hover_enabled=&#8221;off&#8221; button_bg_color__hover_enabled=&#8221;off&#8221; button_one_bg_color__hover_enabled=&#8221;off&#8221; button_two_bg_color__hover_enabled=&#8221;off&#8221;][\/et_pb_contact_field][et_pb_contact_field field_id=&#8221;adresse_postal&#8221; field_title=&#8221;Adresse postal&#8221; _builder_version=&#8221;4.27.0&#8243; global_colors_info=&#8221;{}&#8221; button_text_size__hover_enabled=&#8221;off&#8221; button_one_text_size__hover_enabled=&#8221;off&#8221; button_two_text_size__hover_enabled=&#8221;off&#8221; button_text_color__hover_enabled=&#8221;off&#8221; button_one_text_color__hover_enabled=&#8221;off&#8221; button_two_text_color__hover_enabled=&#8221;off&#8221; button_border_width__hover_enabled=&#8221;off&#8221; button_one_border_width__hover_enabled=&#8221;off&#8221; button_two_border_width__hover_enabled=&#8221;off&#8221; button_border_color__hover_enabled=&#8221;off&#8221; button_one_border_color__hover_enabled=&#8221;off&#8221; button_two_border_color__hover_enabled=&#8221;off&#8221; button_border_radius__hover_enabled=&#8221;off&#8221; button_one_border_radius__hover_enabled=&#8221;off&#8221; button_two_border_radius__hover_enabled=&#8221;off&#8221; button_letter_spacing__hover_enabled=&#8221;off&#8221; button_one_letter_spacing__hover_enabled=&#8221;off&#8221; button_two_letter_spacing__hover_enabled=&#8221;off&#8221; button_bg_color__hover_enabled=&#8221;off&#8221; button_one_bg_color__hover_enabled=&#8221;off&#8221; button_two_bg_color__hover_enabled=&#8221;off&#8221;][\/et_pb_contact_field][et_pb_contact_field field_id=&#8221;Message&#8221; field_title=&#8221;Message&#8221; field_type=&#8221;text&#8221; fullwidth_field=&#8221;on&#8221; _builder_version=&#8221;4.16&#8243; global_colors_info=&#8221;{}&#8221; button_text_size__hover_enabled=&#8221;off&#8221; button_one_text_size__hover_enabled=&#8221;off&#8221; button_two_text_size__hover_enabled=&#8221;off&#8221; button_text_color__hover_enabled=&#8221;off&#8221; button_one_text_color__hover_enabled=&#8221;off&#8221; button_two_text_color__hover_enabled=&#8221;off&#8221; button_border_width__hover_enabled=&#8221;off&#8221; button_one_border_width__hover_enabled=&#8221;off&#8221; button_two_border_width__hover_enabled=&#8221;off&#8221; button_border_color__hover_enabled=&#8221;off&#8221; button_one_border_color__hover_enabled=&#8221;off&#8221; button_two_border_color__hover_enabled=&#8221;off&#8221; button_border_radius__hover_enabled=&#8221;off&#8221; button_one_border_radius__hover_enabled=&#8221;off&#8221; button_two_border_radius__hover_enabled=&#8221;off&#8221; button_letter_spacing__hover_enabled=&#8221;off&#8221; button_one_letter_spacing__hover_enabled=&#8221;off&#8221; button_two_letter_spacing__hover_enabled=&#8221;off&#8221; button_bg_color__hover_enabled=&#8221;off&#8221; button_one_bg_color__hover_enabled=&#8221;off&#8221; button_two_bg_color__hover_enabled=&#8221;off&#8221;][\/et_pb_contact_field][\/et_pb_contact_form][\/et_pb_column][\/et_pb_row][\/et_pb_section]<\/p>\n","protected":false},"excerpt":{"rendered":"<p>Enseigne et signal\u00e9tiqueEnseigne signal\u00e9tique Puget-Sur-Argens impression tous support ,dans un environnement commercial de plus en plus concurrentiel, l&#8217;importance de l&#8217;enseigne et de la signal\u00e9tique ne peut \u00eatre sous-estim\u00e9e. Ces outils de communication visuelle jouent un r\u00f4le crucial pour attirer l&#8217;attention, informer, et guider les clients potentiels. \u00c0 Fr\u00e9jus, une ville dynamique au c\u0153ur de la [&hellip;]<\/p>\n","protected":false},"author":1,"featured_media":0,"parent":0,"menu_order":0,"comment_status":"closed","ping_status":"closed","template":"","meta":{"_et_pb_use_builder":"on","_et_pb_old_content":"<!-- wp:divi\/placeholder \/-->","_et_gb_content_width":"","footnotes":""},"class_list":["post-56","page","type-page","status-publish","hentry"],"yoast_head":"<!-- This site is optimized with the Yoast SEO plugin v24.4 - https:\/\/yoast.com\/wordpress\/plugins\/seo\/ -->\n<title>Enseigne signal\u00e9tique Puget-Sur-Argens impression tous support<\/title>\n<meta name=\"description\" content=\"Enseigne signal\u00e9tique Puget-Sur-Argens impression tous support enseigne lumineuse, panneau, vitrophanie, d\u00e9coration vitrine,\" \/>\n<meta name=\"robots\" content=\"index, follow, max-snippet:-1, max-image-preview:large, max-video-preview:-1\" \/>\n<link rel=\"canonical\" href=\"https:\/\/enseigne-signaletique-frejus.fr\/?page_id=56\" \/>\n<meta property=\"og:locale\" content=\"en_US\" \/>\n<meta property=\"og:type\" content=\"article\" \/>\n<meta property=\"og:title\" content=\"Enseigne signal\u00e9tique Puget-Sur-Argens impression tous support\" \/>\n<meta property=\"og:description\" content=\"Enseigne signal\u00e9tique Puget-Sur-Argens impression tous support enseigne lumineuse, panneau, vitrophanie, d\u00e9coration vitrine,\" \/>\n<meta property=\"og:url\" content=\"https:\/\/enseigne-signaletique-frejus.fr\/?page_id=56\" \/>\n<meta property=\"og:site_name\" content=\"Enseigne signal\u00e9tique Fr\u00e9jus\" \/>\n<meta property=\"article:modified_time\" content=\"2024-09-28T20:15:28+00:00\" \/>\n<meta name=\"twitter:card\" content=\"summary_large_image\" \/>\n<meta name=\"twitter:label1\" content=\"Est. reading time\" \/>\n\t<meta name=\"twitter:data1\" content=\"3 minutes\" \/>\n<script type=\"application\/ld+json\" class=\"yoast-schema-graph\">{\"@context\":\"https:\/\/schema.org\",\"@graph\":[{\"@type\":\"WebPage\",\"@id\":\"https:\/\/enseigne-signaletique-frejus.fr\/?page_id=56\",\"url\":\"https:\/\/enseigne-signaletique-frejus.fr\/?page_id=56\",\"name\":\"Enseigne signal\u00e9tique Puget-Sur-Argens impression tous support\",\"isPartOf\":{\"@id\":\"https:\/\/enseigne-signaletique-frejus.fr\/#website\"},\"datePublished\":\"2024-08-31T14:35:29+00:00\",\"dateModified\":\"2024-09-28T20:15:28+00:00\",\"description\":\"Enseigne signal\u00e9tique Puget-Sur-Argens impression tous support enseigne lumineuse, panneau, vitrophanie, d\u00e9coration vitrine,\",\"breadcrumb\":{\"@id\":\"https:\/\/enseigne-signaletique-frejus.fr\/?page_id=56#breadcrumb\"},\"inLanguage\":\"en-US\",\"potentialAction\":[{\"@type\":\"ReadAction\",\"target\":[\"https:\/\/enseigne-signaletique-frejus.fr\/?page_id=56\"]}]},{\"@type\":\"BreadcrumbList\",\"@id\":\"https:\/\/enseigne-signaletique-frejus.fr\/?page_id=56#breadcrumb\",\"itemListElement\":[{\"@type\":\"ListItem\",\"position\":1,\"name\":\"Accueil\",\"item\":\"https:\/\/enseigne-signaletique-frejus.fr\/\"},{\"@type\":\"ListItem\",\"position\":2,\"name\":\"Enseigne signal\u00e9tique\"}]},{\"@type\":\"WebSite\",\"@id\":\"https:\/\/enseigne-signaletique-frejus.fr\/#website\",\"url\":\"https:\/\/enseigne-signaletique-frejus.fr\/\",\"name\":\"Enseigne signal\u00e9tique Fr\u00e9jus\",\"description\":\"Enseigne signal\u00e9tique Fr\u00e9jus\",\"potentialAction\":[{\"@type\":\"SearchAction\",\"target\":{\"@type\":\"EntryPoint\",\"urlTemplate\":\"https:\/\/enseigne-signaletique-frejus.fr\/?s={search_term_string}\"},\"query-input\":{\"@type\":\"PropertyValueSpecification\",\"valueRequired\":true,\"valueName\":\"search_term_string\"}}],\"inLanguage\":\"en-US\"}]}<\/script>\n<!-- \/ Yoast SEO plugin. -->","yoast_head_json":{"title":"Enseigne signal\u00e9tique Puget-Sur-Argens impression tous support","description":"Enseigne signal\u00e9tique Puget-Sur-Argens impression tous support enseigne lumineuse, panneau, vitrophanie, d\u00e9coration vitrine,","robots":{"index":"index","follow":"follow","max-snippet":"max-snippet:-1","max-image-preview":"max-image-preview:large","max-video-preview":"max-video-preview:-1"},"canonical":"https:\/\/enseigne-signaletique-frejus.fr\/?page_id=56","og_locale":"en_US","og_type":"article","og_title":"Enseigne signal\u00e9tique Puget-Sur-Argens impression tous support","og_description":"Enseigne signal\u00e9tique Puget-Sur-Argens impression tous support enseigne lumineuse, panneau, vitrophanie, d\u00e9coration vitrine,","og_url":"https:\/\/enseigne-signaletique-frejus.fr\/?page_id=56","og_site_name":"Enseigne signal\u00e9tique Fr\u00e9jus","article_modified_time":"2024-09-28T20:15:28+00:00","twitter_card":"summary_large_image","twitter_misc":{"Est. reading time":"3 minutes"},"schema":{"@context":"https:\/\/schema.org","@graph":[{"@type":"WebPage","@id":"https:\/\/enseigne-signaletique-frejus.fr\/?page_id=56","url":"https:\/\/enseigne-signaletique-frejus.fr\/?page_id=56","name":"Enseigne signal\u00e9tique Puget-Sur-Argens impression tous support","isPartOf":{"@id":"https:\/\/enseigne-signaletique-frejus.fr\/#website"},"datePublished":"2024-08-31T14:35:29+00:00","dateModified":"2024-09-28T20:15:28+00:00","description":"Enseigne signal\u00e9tique Puget-Sur-Argens impression tous support enseigne lumineuse, panneau, vitrophanie, d\u00e9coration vitrine,","breadcrumb":{"@id":"https:\/\/enseigne-signaletique-frejus.fr\/?page_id=56#breadcrumb"},"inLanguage":"en-US","potentialAction":[{"@type":"ReadAction","target":["https:\/\/enseigne-signaletique-frejus.fr\/?page_id=56"]}]},{"@type":"BreadcrumbList","@id":"https:\/\/enseigne-signaletique-frejus.fr\/?page_id=56#breadcrumb","itemListElement":[{"@type":"ListItem","position":1,"name":"Accueil","item":"https:\/\/enseigne-signaletique-frejus.fr\/"},{"@type":"ListItem","position":2,"name":"Enseigne signal\u00e9tique"}]},{"@type":"WebSite","@id":"https:\/\/enseigne-signaletique-frejus.fr\/#website","url":"https:\/\/enseigne-signaletique-frejus.fr\/","name":"Enseigne signal\u00e9tique Fr\u00e9jus","description":"Enseigne signal\u00e9tique Fr\u00e9jus","potentialAction":[{"@type":"SearchAction","target":{"@type":"EntryPoint","urlTemplate":"https:\/\/enseigne-signaletique-frejus.fr\/?s={search_term_string}"},"query-input":{"@type":"PropertyValueSpecification","valueRequired":true,"valueName":"search_term_string"}}],"inLanguage":"en-US"}]}},"_links":{"self":[{"href":"https:\/\/enseigne-signaletique-frejus.fr\/index.php?rest_route=\/wp\/v2\/pages\/56","targetHints":{"allow":["GET"]}}],"collection":[{"href":"https:\/\/enseigne-signaletique-frejus.fr\/index.php?rest_route=\/wp\/v2\/pages"}],"about":[{"href":"https:\/\/enseigne-signaletique-frejus.fr\/index.php?rest_route=\/wp\/v2\/types\/page"}],"author":[{"embeddable":true,"href":"https:\/\/enseigne-signaletique-frejus.fr\/index.php?rest_route=\/wp\/v2\/users\/1"}],"replies":[{"embeddable":true,"href":"https:\/\/enseigne-signaletique-frejus.fr\/index.php?rest_route=%2Fwp%2Fv2%2Fcomments&post=56"}],"version-history":[{"count":7,"href":"https:\/\/enseigne-signaletique-frejus.fr\/index.php?rest_route=\/wp\/v2\/pages\/56\/revisions"}],"predecessor-version":[{"id":92,"href":"https:\/\/enseigne-signaletique-frejus.fr\/index.php?rest_route=\/wp\/v2\/pages\/56\/revisions\/92"}],"wp:attachment":[{"href":"https:\/\/enseigne-signaletique-frejus.fr\/index.php?rest_route=%2Fwp%2Fv2%2Fmedia&parent=56"}],"curies":[{"name":"wp","href":"https:\/\/api.w.org\/{rel}","templated":true}]}}